{"id":55138,"date":"2021-09-29T11:25:36","date_gmt":"2021-09-29T09:25:36","guid":{"rendered":"https:\/\/n.gkef-fgda.org\/?page_id=55138"},"modified":"2021-09-30T10:13:46","modified_gmt":"2021-09-30T08:13:46","slug":"pribatutasun-politika","status":"publish","type":"page","link":"https:\/\/www.gkef-fgda.org\/eu\/pribatutasun-politika\/","title":{"rendered":"Pribatutasun politika"},"content":{"rendered":"\t\t<div data-elementor-type=\"wp-page\" data-elementor-id=\"55138\" class=\"elementor elementor-55138 elementor-52546\" data-elementor-post-type=\"page\">\n\t\t\t\t\t\t<section class=\"elementor-section elementor-top-section elementor-element elementor-element-f5319aa elementor-section-height-min-height elementor-section-boxed elementor-section-height-default elementor-section-items-middle\" data-id=\"f5319aa\" data-element_type=\"section\" data-e-type=\"section\" data-settings=\"{&quot;background_background&quot;:&quot;classic&quot;,&quot;animation_tablet&quot;:&quot;none&quot;,&quot;background_motion_fx_motion_fx_scrolling&quot;:&quot;yes&quot;,&quot;background_motion_fx_translateY_effect&quot;:&quot;yes&quot;,&quot;background_motion_fx_translateY_speed&quot;:{&quot;unit&quot;:&quot;px&quot;,&quot;size&quot;:0.3,&quot;sizes&quot;:[]},&quot;tmea_shape_divider_top&quot;:&quot;none&quot;,&quot;tmea_shape_divider_bottom&quot;:&quot;none&quot;,&quot;background_motion_fx_translateY_affectedRange&quot;:{&quot;unit&quot;:&quot;%&quot;,&quot;size&quot;:&quot;&quot;,&quot;sizes&quot;:{&quot;start&quot;:0,&quot;end&quot;:100}},&quot;background_motion_fx_devices&quot;:[&quot;desktop&quot;,&quot;tablet&quot;,&quot;mobile&quot;]}\">\n\t\t\t\t\t\t\t<div class=\"elementor-background-overlay\"><\/div>\n\t\t\t\t\t\t\t<div class=\"elementor-container elementor-column-gap-wider\">\n\t\t\t\t\t<div class=\"elementor-column elementor-col-100 elementor-top-column elementor-element elementor-element-30de0ab7\" data-id=\"30de0ab7\" data-element_type=\"column\" data-e-type=\"column\" data-settings=\"{&quot;background_background&quot;:&quot;classic&quot;,&quot;animation_tablet&quot;:&quot;fadeInLeft&quot;,&quot;motion_fx_motion_fx_scrolling&quot;:&quot;yes&quot;,&quot;motion_fx_translateY_effect&quot;:&quot;yes&quot;,&quot;motion_fx_translateY_direction&quot;:&quot;negative&quot;,&quot;motion_fx_opacity_effect&quot;:&quot;yes&quot;,&quot;motion_fx_opacity_direction&quot;:&quot;in-out&quot;,&quot;motion_fx_opacity_range&quot;:{&quot;unit&quot;:&quot;%&quot;,&quot;size&quot;:&quot;&quot;,&quot;sizes&quot;:{&quot;start&quot;:66,&quot;end&quot;:100}},&quot;animation&quot;:&quot;none&quot;,&quot;motion_fx_devices&quot;:[&quot;desktop&quot;,&quot;tablet&quot;],&quot;motion_fx_translateY_speed&quot;:{&quot;unit&quot;:&quot;px&quot;,&quot;size&quot;:4,&quot;sizes&quot;:[]},&quot;motion_fx_translateY_affectedRange&quot;:{&quot;unit&quot;:&quot;%&quot;,&quot;size&quot;:&quot;&quot;,&quot;sizes&quot;:{&quot;start&quot;:0,&quot;end&quot;:100}},&quot;motion_fx_opacity_level&quot;:{&quot;unit&quot;:&quot;px&quot;,&quot;size&quot;:10,&quot;sizes&quot;:[]}}\">\n\t\t\t<div class=\"elementor-widget-wrap elementor-element-populated\">\n\t\t\t\t\t\t<div class=\"elementor-element elementor-element-b405c1e elementor-widget elementor-widget-heading\" data-id=\"b405c1e\" data-element_type=\"widget\" data-e-type=\"widget\" data-widget_type=\"heading.default\">\n\t\t\t\t<div class=\"elementor-widget-container\">\n\t\t\t\t\t<h2 class=\"elementor-heading-title elementor-size-default\">Pribatutasun politika<\/h2>\t\t\t\t<\/div>\n\t\t\t\t<\/div>\n\t\t\t\t\t<\/div>\n\t\t<\/div>\n\t\t\t\t\t<\/div>\n\t\t<\/section>\n\t\t\t\t<section class=\"elementor-section elementor-top-section elementor-element elementor-element-0838673 elementor-section-boxed elementor-section-height-default elementor-section-height-default\" data-id=\"0838673\" data-element_type=\"section\" data-e-type=\"section\" data-settings=\"{&quot;background_background&quot;:&quot;classic&quot;,&quot;tmea_shape_divider_top&quot;:&quot;none&quot;,&quot;tmea_shape_divider_bottom&quot;:&quot;none&quot;}\">\n\t\t\t\t\t\t<div class=\"elementor-container elementor-column-gap-no\">\n\t\t\t\t\t<div class=\"elementor-column elementor-col-100 elementor-top-column elementor-element elementor-element-0e8dc8c\" data-id=\"0e8dc8c\" data-element_type=\"column\" data-e-type=\"column\">\n\t\t\t<div class=\"elementor-widget-wrap elementor-element-populated\">\n\t\t\t\t\t\t<section class=\"elementor-section elementor-inner-section elementor-element elementor-element-6faad4d elementor-section-boxed elementor-section-height-default elementor-section-height-default\" data-id=\"6faad4d\" data-element_type=\"section\" data-e-type=\"section\" data-settings=\"{&quot;tmea_shape_divider_top&quot;:&quot;none&quot;,&quot;tmea_shape_divider_bottom&quot;:&quot;none&quot;}\">\n\t\t\t\t\t\t<div class=\"elementor-container elementor-column-gap-default\">\n\t\t\t\t\t<div class=\"elementor-column elementor-col-100 elementor-inner-column elementor-element elementor-element-302464a\" data-id=\"302464a\" data-element_type=\"column\" data-e-type=\"column\">\n\t\t\t<div class=\"elementor-widget-wrap elementor-element-populated\">\n\t\t\t\t\n\t\t<div class=\"elementor-element elementor-element-1723074 negri elementor-widget elementor-widget-text-editor\" data-id=\"1723074\" data-element_type=\"widget\" data-e-type=\"widget\" data-widget_type=\"text-editor.default\">\n\t\t\t\t<div class=\"elementor-widget-container\">\n\t\t\t\t\t\t\t\t\t<p>Ongi etorri <strong> www.gkef-fgda.org <\/strong> Pribatutasun Politikara. Hemen zure pribatutasunari eta zure datu pertsonalen babesari buruzko galderak aurkituko dituzu. Politika hau <a href=\"https:\/\/www.boe.es\/doue\/2016\/119\/L00001-00088.pdf\"> Datuen Babeserako Arau Orokorrean (RGPD) edo 679\/2016 (EB) Araudian oinarritzen da <\/a>.<\/p><p>\u00a0<\/p><p><strong>Adingabeak <\/strong><\/p><p>Adingabea bazara, jakin beharko zenuke 13 urte baino gutxiagotan gurasoen edo tutoreen baimena behar dela zure datu pertsonalen tratamendua egin ahal izateko. 13 urte baino gutxiago badituzu, ez iezaguzu inolako informazio pertsonalik eman <strong> www.gkef-fgda.org <\/strong> helbidean edo erregistratu gure webgunean.<\/p><p>Gainera, Erregelamenduak bereziki babesten ditu adingabeen zenbait datu, batez ere profilen tratamenduetan oinarrituta daudenak. Inolaz ere ez zaie 18 urtetik beherako adingabeei adingabearen familiaren nortasun pertsonalari, ekonomikoari edo intimitateari buruzko informazioa eskatuko.<\/p><p>\u00a0<\/p><p><strong>Datu pertsonalak prozesatzea gkef-fgda.org <\/strong> en<\/p><p>Indarrean dagoen araudian xedatutakoarekin bat etorriz, <strong> gkef-fgda.org <\/strong> helbidean biltzen ditugun datuak hauek izango dira:<\/p><ul><li>egokia<\/li><li>garrantzitsua<\/li><li>beharrezkoa den horretara mugatuta<\/li><\/ul><p>blog honetako harremanetarako inprimakiei eta iruzkinak erantzuteko helburu bakarrarekin.<\/p><p>Bere informazio pertsonala <strong> www.gkef-fgda.org <\/strong> ri helarazten dion erabiltzaileak ere jakin behar du informazio hori <b> www.gkef-fgda.org <\/b> helbidera ostatua ematen duen enpresara bakarrik transferituko dela. web diseinatzaileari, WordPress.Org-i web euskarri gisa eta Google Analytics-i.<\/p><p>Zure datu pertsonalak hirugarrenei zerbitzu berri bat eskaintzeko beharrezkoa izanez gero, <strong> www.gkef-fgda.org <\/strong> k ziurtatuko du interesdun gisa zure baimena dutela eta hirugarrenek Datuen Babeserako Arau Orokorra betetzen dute. Gainera, Pribatutasun Politika honen eguneratze egokia burutuko litzateke.<\/p><p>Jakin behar duzu, gainera, Erregelamenduan aitortutako eskubideak noiznahi erabil ditzakezula: sarbidea, zuzentzea, ezabatzea, ahaztura, oposizioa, tratamenduaren muga, datuen eramangarritasuna eta banakako erabaki automatizatuen gaia ez izatea, profilak barne. Horretarako, <a href=\"mailto:info@gkef-fgda.org\"> info@gkef-fgda.org<\/a> helbidera jo dezakezu.<\/p><p><strong>\u00a0<\/strong><\/p><p><strong>Pribatutasun politika honen printzipioak<\/strong><\/p><p>Pribatutasun politika hau Datuen Babeserako Arau Orokorra arautzen duten printzipioetan eta gkef-fgda.org webgunean komenigarritzat jotzen diren gainerako balioetan oinarrituta dago:<\/p><ul><li><strong> Gardentasuna jardueraren garapenean <\/strong>: <strong> www.gkef-fgda.org <\/strong> webgunean beti gardena izaten saiatuko gara, bereziki datu pertsonalen kudeaketari dagokionez.<\/li><li><strong> Erantzukizun proaktiboaren printzipioa <\/strong>: datu pertsonalak arreta handiz tratatuko dira beti eta aplikatuko diren segurtasun neurriak eta aldiro berrikusiko dira datu horien tratamenduaren zilegitasuna.<\/li><li><strong> Datuak minimizatzeko printzipioa <\/strong>: <b> www.gkef-fgda.org <\/b> webgunean bildutako datu pertsonalak egokiak, egokiak eta beharrezkoak direnetara mugatuko dira beti. interesdunak bere baimena ematen duen legezko xedeak: edukiaren harpidetza, harremanetarako inprimakia eta iruzkinen inprimakia.<\/li><li><strong> Erabiltzailearentzako estrategia inbaditzaileak baztertzea <\/strong>: <b> www.gkef-fgda.org <\/b> webgunean spama eta publizitate estrategia inbaditzaileengandik urruntzen gara, eta horrek <strong> www .gkef- bihurtzen du. fgda.org <\/strong> iragarkirik gabeko espazioa da.<\/li><\/ul><p>\u00a0<\/p><div><strong style=\"color: # 000;\"> Tratamendua onartzen duen oinarri juridikoa <\/strong><\/div><p>Datu pertsonalen tratamendua <strong> www.gkef-fgda.org <\/strong> helbidean egiten da, honako hauen arabera:<\/p><ul><li><a href=\"https:\/\/www.boe.es\/diario_boe\/txt.php?id=DOUE-L-2016-80807\" target=\"_blank\" rel=\"noopener noreferrer\">679\/2016 Araudia (EB) edo Datuak Babesteko Araudi Orokorra (RGPD)<\/a><\/li><li><a href=\"https:\/\/www.boe.es\/buscar\/act.php?id=BOE-A-2002-13758\" target=\"_blank\" rel=\"noopener noreferrer\">34\/2002 Legea, uztailaren 11koa, informazioaren gizartearen eta merkataritza elektronikoaren zerbitzuei buruzkoa<\/a>.<\/li><\/ul><p>Gainera, <strong> www.gkef-fgda.org <\/strong> n datu pertsonalen tratamendua justifikatuta dago interesdunak baimena eman duela <strong> www.gkef-fgda.org helbidera baieztapen argi baten bidez. <\/strong> edo inplizituki blog hau arakatzerakoan.<\/p><p>\u00a0<\/p><p><strong> Datu pertsonalen tratamenduaren arduraduna <\/strong><\/p><p>Jarraian aurkituko duzun harremanetarako informazioa zure datu pertsonalen tratamenduaren arduradunari erantzuten dio, hau da, <strong> www.gkef-fgda.org<\/strong> atzean dagoen erakundeari.<\/p><p>\u00a0<\/p><table><tbody><tr><td colspan=\"2\" width=\"566\"><strong>ARDURADUNAREN OINARRIZKO INFORMAZIOA<\/strong><\/td><\/tr><tr><td width=\"151\">Entitatea<\/td><td width=\"415\">Federaci\u00f3n Guipuzcoana de Deporte Adaptado<\/td><\/tr><tr><td width=\"151\">CIF<\/td><td width=\"415\">G20798757<\/td><\/tr><tr><td width=\"151\">Posta bulegoa<\/td><td width=\"415\">Paseo Anoeta 5 &#8211; 20014 &#8211; Donostia<\/td><\/tr><tr><td width=\"151\">Emaila<\/td><td width=\"415\"><a href=\"mailto:info@gkef-fgda.org\">info@gkef-fgda.org<\/a><\/td><\/tr><tr><td width=\"151\">Ariketa fisikoa<\/td><td width=\"415\">Federaci\u00f3n de Deporte Adaptado<\/td><\/tr><\/tbody><\/table><p><strong style=\"color: #000;\">\u00a0<\/strong><\/p><p><strong style=\"color: #000;\">Aitortutako eskubideak<\/strong><\/p><p>Edonork du eskubidea datuen babesari buruz modu egokian informatua izateko eta baieztapena lortzeko <strong> www.gkef-fgda.org <\/strong> k bere datu pertsonalak tratatzen dituen edo ez.<\/p><p>Pertsona interesdunek <strong> www.gkef-fgda.org <\/strong> k duen informazioa eskuratzeko eskubidea erabil dezakete, datuen kopia bat barne, baita zuzentzeko eskubidea ere. datuak edo ezabatu egin dira bildu ziren helburuetarako beharrezkoak ez direnean, besteak beste.<\/p><p>Era berean, zenbait kasutan beren datu pertsonalen tratamendua mugatzea eska dezakete, eta horrek eskakizunen defentsarako edo kontserbaziorako kontserbazio esklusiboa suposatuko du. Era berean, zenbait egoeratan eta egoera partikularrarekin lotutako arrazoiengatik, interesdunek beren datu pertsonalen tratamenduaren aurka egin dezakete. <strong> www.gkef-fgda.org <\/strong> webgunean datu horiek ez dira gehiago tratatuko legezko arrazoi sinesgarriak edo erreklamazioak gauzatu edo defendatzeko izan ezik.<\/p><p>Era berean, interesdunak <strong> www.gkef-fgda.org <\/strong> k dituen bere datu pertsonal automatizatuen eramangarritasunerako eskubidea erabil dezake, formatu eskuragarrian transferituko dira aukeratutako beste datu-kontrolatzaile bati. interesa.<\/p><p>\u00a0<\/p><p><strong style=\"color: # 000;\"> Erreklamazio aukera <\/strong><\/p><p>Hala nahi badute eta eskubideak urratuak direla uste badute, interesdunak beti izango du erreklamazioa aurkezteko eskubidea Datuak Babesteko Espainiako Agentzian, eta hori da kontrolpeko agintea.<\/p><p>\u00a0<\/p><p><strong style=\"color: # 000;\"> Tratamenduaren xedeak eta tratatzen diren datuak <\/strong><\/p><p><strong> www.gkef-fgda.org <\/strong> n zer datu mota kudeatzen diren jakiteko eta zergatik, jarraian, jardueraren garapen normalean kudeatzen den informazio pertsonalaren laburpena aurkituko duzu. <strong> www.gkef-fgda.org <\/strong> ren:<\/p><ul><li>Harremanetarako inprimakiak eta web orrira harpidetzak kudeatzeko, web erabiltzaileen datuak, hala nola izena, posta elektronikoa eta IP helbidea prozesatuko dira.<\/li><li>Era berean, zerbitzu digitalak hobetzeko datuak enkriptatze sistemak eta cookieak barne, identifikazio datu berdinekin tratatuko dira: izena, helbide elektronikoa eta IP helbidea.<\/li><\/ul><p><strong>\u00a0<\/strong><\/p><p><strong> Datuak gordetzea <\/strong><\/p><p>Datuak interesdunak ezabatzea eskatzen ez duen bitartean gordeko dira.<\/p><p>\u00a0<\/p><p><strong> Datuen transferentziak <\/strong><\/p><p><strong> www.gkef-fgda.org <\/strong> webgunearen kudeaketa partzialki barne prozesatuko da eta partzialki kontratatutako zerbitzu baten bidez. Hori dela eta, webeko erabiltzaileen datu pertsonalak honako erakunde hauei transferituko zaizkie:<\/p><ul><li><strong> Ostatua <\/strong>: OVH HISPANO, S.L. (B83834747), <a href=\"mailto:soporte@ovh.es\"> soporte@ovh.es <\/a> &#8211; Zure datu pertsonalak babesteko politika kontsulta daiteke <a href=\"https:\/\/www.ovh .es\/proteccion-datos-personales\/ \"> here <\/a>.<\/li><li><strong> Web plataforma: <\/strong> org &#8211; datuak transferitzeak WordPress.org-ek emandako laguntza zerbitzuei soilik erantzuten die<\/li><li><strong> Web diseinua eta programazioa: <\/strong> INDIPROWEB S.L. (B24613655), <a href=\"mailto:info@indipro.es\"> info@indipro.es <\/a> &#8211; Zure datu pertsonalak babesteko politika kontsulta daiteke <a href=\"https: \/\/www.indipro .es\/politica-de-privacidad\/ \"> hemen <\/a>.<\/li><li><strong> Analisia eta cookieak <\/strong>: Google Analytics &#8211; Pribatutasun politika atalean kontsulta dezakezu <a href=\"https:\/\/www.google.es\/intl\/es_ALL\/analytics\/learn\/privacy.html\">hemen<\/a>.<\/li><\/ul><div>\u00a0<\/div><p>Kontratu-harremana amaitzen bada eta zerbitzu hori emateko beste enpresa bat izendatu behar bada, erabiltzaileen baimen esplizitua izango du eta <strong> www.gkef-fgda.org <\/strong> enpresak ziurtatuko du aipatu erakundean Datuak Babesteko Arau Orokorra betetzen du.<br \/><strong>\u00a0<\/strong><\/p><p><strong>Confidencialidad<\/strong><\/p><p><span style=\"word-spacing: normal;\">En <\/span><strong style=\"word-spacing: normal;\"> www.gkef-fgda.org <\/strong><span style=\"word-spacing: normal;\">garantizamos que se mantendr\u00e1 la m\u00e1s estricta confidencialidad de sus datos personales, y que no ser\u00e1n cedidos a ninguna entidad salvo las imprescindiblemente necesarias para el desarrollo de la actividad de este blog.<\/span><\/p><p>Edozein zalantza izanez gero, mesedez, ez izan zalantzarik gurekin harremanetan jartzeko helbide elektroniko honetara: <a href=\"mailto:info@gkef-fgda.org\">info@gkef-fgda.org<\/a><\/p><p>Federaci\u00f3n Guipuzcoana de Deporte Adaptado<\/p><p><strong> www.gkef-fgda.org<\/strong><\/p><p><em> Dokumentua eguneratu da 27 <\/em> <em> 2021eko irailean <\/em><\/p>\t\t\t\t\t\t\t\t<\/div>\n\t\t\t\t<\/div>\n\t\t\t\t\t<\/div>\n\t\t<\/div>\n\t\t\t\t\t<\/div>\n\t\t<\/section>\n\t\t\t\t\t<\/div>\n\t\t<\/div>\n\t\t\t\t\t<\/div>\n\t\t<\/section>\n\t\t\t\t<\/div>\n\t\t","protected":false},"excerpt":{"rendered":"<p>Pribatutasun politika Ongi etorri www.gkef-fgda.org Pribatutasun Politikara. Hemen zure pribatutasunari eta zure datu pertsonalen babesari buruzko galderak aurkituko dituzu. Politika hau Datuen Babeserako Arau Orokorrean (RGPD) edo 679\/2016 (EB) Araudian&hellip;<\/p>\n","protected":false},"author":1,"featured_media":0,"parent":0,"menu_order":0,"comment_status":"closed","ping_status":"closed","template":"elementor_header_footer","meta":{"footnotes":""},"class_list":["post-55138","page","type-page","status-publish","hentry"],"aioseo_notices":[],"_links":{"self":[{"href":"https:\/\/www.gkef-fgda.org\/eu\/wp-json\/wp\/v2\/pages\/55138","targetHints":{"allow":["GET"]}}],"collection":[{"href":"https:\/\/www.gkef-fgda.org\/eu\/wp-json\/wp\/v2\/pages"}],"about":[{"href":"https:\/\/www.gkef-fgda.org\/eu\/wp-json\/wp\/v2\/types\/page"}],"author":[{"embeddable":true,"href":"https:\/\/www.gkef-fgda.org\/eu\/wp-json\/wp\/v2\/users\/1"}],"replies":[{"embeddable":true,"href":"https:\/\/www.gkef-fgda.org\/eu\/wp-json\/wp\/v2\/comments?post=55138"}],"version-history":[{"count":14,"href":"https:\/\/www.gkef-fgda.org\/eu\/wp-json\/wp\/v2\/pages\/55138\/revisions"}],"predecessor-version":[{"id":56051,"href":"https:\/\/www.gkef-fgda.org\/eu\/wp-json\/wp\/v2\/pages\/55138\/revisions\/56051"}],"wp:attachment":[{"href":"https:\/\/www.gkef-fgda.org\/eu\/wp-json\/wp\/v2\/media?parent=55138"}],"curies":[{"name":"wp","href":"https:\/\/api.w.org\/{rel}","templated":true}]}}